{"id":1771,"date":"2021-06-14T21:45:25","date_gmt":"2021-06-14T19:45:25","guid":{"rendered":"http:\/\/projet-insight.fr\/?page_id=1771"},"modified":"2021-06-15T22:58:19","modified_gmt":"2021-06-15T20:58:19","slug":"politique_de_cookies","status":"publish","type":"page","link":"https:\/\/projet-insight.fr\/index.php\/politique_de_cookies\/","title":{"rendered":"Politique de cookies"},"content":{"rendered":"\t\t<div data-elementor-type=\"wp-page\" data-elementor-id=\"1771\" class=\"elementor elementor-1771\" data-elementor-settings=\"[]\">\n\t\t\t\t\t\t\t<div class=\"elementor-section-wrap\">\n\t\t\t\t\t\t\t<section class=\"elementor-section elementor-top-section elementor-element elementor-element-95aa27d elementor-section-boxed elementor-section-height-default elementor-section-height-default\" data-id=\"95aa27d\" data-element_type=\"section\" data-settings=\"{&quot;background_background&quot;:&quot;classic&quot;}\">\n\t\t\t\t\t\t<div class=\"elementor-container elementor-column-gap-default\">\n\t\t\t\t\t<div class=\"elementor-column elementor-col-100 elementor-top-column elementor-element elementor-element-7329825\" data-id=\"7329825\" data-element_type=\"column\">\n\t\t\t<div class=\"elementor-widget-wrap elementor-element-populated\">\n\t\t\t\t\t\t\t\t<div class=\"elementor-element elementor-element-eaa0c0c elementor-widget elementor-widget-heading\" data-id=\"eaa0c0c\" data-element_type=\"widget\" data-widget_type=\"heading.default\">\n\t\t\t\t<div class=\"elementor-widget-container\">\n\t\t\t<h2 class=\"elementor-heading-title elementor-size-default\">POLITIQUE DE COOKIES<\/h2>\t\t<\/div>\n\t\t\t\t<\/div>\n\t\t\t\t\t<\/div>\n\t\t<\/div>\n\t\t\t\t\t\t\t<\/div>\n\t\t<\/section>\n\t\t\t\t<section class=\"elementor-section elementor-top-section elementor-element elementor-element-3bc850a6 elementor-section-boxed elementor-section-height-default elementor-section-height-default\" data-id=\"3bc850a6\" data-element_type=\"section\">\n\t\t\t\t\t\t<div class=\"elementor-container elementor-column-gap-default\">\n\t\t\t\t\t<div class=\"elementor-column elementor-col-100 elementor-top-column elementor-element elementor-element-6384f371\" data-id=\"6384f371\" data-element_type=\"column\">\n\t\t\t<div class=\"elementor-widget-wrap elementor-element-populated\">\n\t\t\t\t\t\t\t\t<div class=\"elementor-element elementor-element-122c02f4 elementor-widget elementor-widget-text-editor\" data-id=\"122c02f4\" data-element_type=\"widget\" data-widget_type=\"text-editor.default\">\n\t\t\t\t<div class=\"elementor-widget-container\">\n\t\t\t\t\t\t\t\t<div class=\"cli_pg_page_contaner\"><h3>A propos de la politique de cookies<\/h3><div><div id=\"trtext\"><span id=\"s2_1\">Cette Politique sur les cookies explique ce que sont les cookies et comment nous les utilisons, les types de cookies que nous utilisons, les informations que nous recueillons \u00e0 l\u2019aide de cookies et comment ces informations sont utilis\u00e9es, et comment contr\u00f4ler les pr\u00e9f\u00e9rences en mati\u00e8re de cookies.<\/span> <span id=\"s2_2\">Pour plus d\u2019informations sur la fa\u00e7on dont nous utilisons, stockons et prot\u00e9geons vos donn\u00e9es personnelles, consultez notre Politique de confidentialit\u00e9.<\/span><\/div><p>Vous pouvez \u00e0 tout moment modifier ou retirer votre consentement de la D\u00e9claration relative aux cookies sur notre site Web.<br \/>D\u00e9couvrez qui nous sommes, comment vous pouvez nous contacter et comment nous traitons les donn\u00e9es personnelles dans notre Politique de confidentialit\u00e9.<br \/>Votre consentement s\u2019applique aux domaines suivants projet-insight.fr<br \/><div class=\"cli_user_consent_state\">Your current state: No consent given. <a class=\"cli_manage_current_consent\" style=\"cursor:pointer;\">Manage your consent.<\/a> <\/div><\/p><\/div><h3>Qu&#8217;est-ce que les cookies ?<\/h3><div><p id=\"trtext\"><span id=\"s2_1\">Les cookies sont de petits fichiers texte utilis\u00e9s pour stocker de petites informations.<\/span> <span id=\"s2_2\">Ils sont stock\u00e9s sur votre appareil lorsque le site Web est charg\u00e9 sur votre navigateur.<\/span> <span id=\"s2_3\">Ces cookies nous aident \u00e0 faire fonctionner le site Web correctement, le rendre plus s\u00fbr, fournir une meilleure exp\u00e9rience utilisateur, et de comprendre comment le site fonctionne et d\u2019analyser ce qui fonctionne et o\u00f9 il a besoin d\u2019am\u00e9liorations.<\/span><\/p><\/div><h3>Comment utilisons-nous ces cookies ?<\/h3><div><div id=\"trtext\"><p><span id=\"s2_1\">Comme la plupart des services en ligne, notre site Web utilise des cookies internes et externes \u00e0 plusieurs fins.<\/span> <span id=\"s2_2\">Les cookies internes sont principalement n\u00e9cessaires au bon fonctionnement du site Web, et ils ne collectent aucune de vos donn\u00e9es personnelles identifiables.<\/span><\/p><p><span id=\"s2_3\">Les cookies tiers utilis\u00e9s sur notre site Web servent principalement \u00e0 comprendre comment le site Web fonctionne, comment vous interagissez avec notre site Web, garder nos services s\u00e9curis\u00e9s, fournir des publicit\u00e9s qui sont pertinentes pour vous, et dans l\u2019ensemble vous fournir une meilleure et am\u00e9lior\u00e9e exp\u00e9rience utilisateur et aider \u00e0 acc\u00e9l\u00e9rer vos interactions futures avec notre site Web.<\/span><\/p><\/div><\/div><h3>Quelles sortes de cookies utilisons-nous ?<\/h3><div><p><span id=\"s2_1\"><strong>Essentiel\u00a0:<\/strong> Certains cookies sont essentiels pour que vous puissiez profiter pleinement des fonctionnalit\u00e9s de notre site.<\/span> <span id=\"s2_2\">Ils nous permettent de maintenir des sessions d\u2019utilisateurs et de pr\u00e9venir toute menace \u00e0 la s\u00e9curit\u00e9.<\/span> <span id=\"s2_3\">Ils ne recueillent ni ne stockent aucune information personnelle.<\/span> <span id=\"s2_4\">Par exemple, ces cookies vous permettent de vous connecter \u00e0 votre compte et d\u2019ajouter des produits \u00e0 votre panier, et de payer en toute s\u00e9curit\u00e9.<\/span><\/p><p><span id=\"s2_5\"><strong>Statistiques\u00a0:<\/strong> Ces cookies stockent des informations comme le nombre de visiteurs du site, le nombre de visiteurs uniques, les pages du site qui ont \u00e9t\u00e9 visit\u00e9s, la source de la visite, etc.<\/span> <span id=\"s2_6\">Ces donn\u00e9es nous aident \u00e0 comprendre et \u00e0 analyser le rendement du site Web et les points \u00e0 am\u00e9liorer.<\/span><\/p><div id=\"trtext\"><p><span id=\"s2_1\"><strong>Marketing\u00a0:<\/strong> Notre site Web affiche des publicit\u00e9s.<\/span> <span id=\"s2_2\">Ces cookies sont utilis\u00e9s pour personnaliser les publicit\u00e9s que nous vous montrons afin qu\u2019elles soient significatives pour vous.<\/span> <span id=\"s2_3\">Ces cookies nous aident \u00e9galement \u00e0 suivre l\u2019efficacit\u00e9 de ces campagnes publicitaires.<\/span><br \/><span id=\"s2_4\">Les informations stock\u00e9es dans ces cookies peuvent \u00e9galement \u00eatre utilis\u00e9es par les fournisseurs de publicit\u00e9 tiers pour vous montrer des publicit\u00e9s sur d\u2019autres sites Web sur le navigateur ainsi.<\/span><\/p><p><span id=\"s2_5\"><strong>Fonctionnel\u00a0:<\/strong> Ce sont les cookies qui aident certaines fonctionnalit\u00e9s non essentielles sur notre site Web.<\/span> <span id=\"s2_6\">Ces fonctionnalit\u00e9s comprennent l\u2019int\u00e9gration de contenu comme des vid\u00e9os ou le partage de contenu du site Web sur les plateformes de m\u00e9dias sociaux.<\/span><\/p><\/div><p><strong>Pr\u00e9f\u00e9rences :<\/strong> Ces cookies nous aident \u00e0 stocker vos param\u00e8tres et pr\u00e9f\u00e9rences de navigation comme les pr\u00e9f\u00e9rences de langue afin que vous ayez une exp\u00e9rience meilleure et efficace sur les visites futures sur le site.<br \/><p>La liste ci-dessous d\u00e9taille les cookies utilis\u00e9s sur notre site.<\/p><table class=\"cookielawinfo-row-cat-table cookielawinfo-classic\"><thead><tr><th class=\"cookielawinfo-column-1\">Cookie<\/th><th class=\"cookielawinfo-column-4\">Description<\/th><\/tr><\/thead><tbody><tr class=\"cookielawinfo-row\"><td class=\"cookielawinfo-column-1\">cookielawinfo-checkbox-analytics<\/td><td class=\"cookielawinfo-column-4\">This cookie is set by GDPR Cookie Consent plugin. The cookie is used to store the user consent for the cookies in the category &#8220;Analytics&#8221;.<\/td><\/tr><tr class=\"cookielawinfo-row\"><td class=\"cookielawinfo-column-1\">cookielawinfo-checkbox-functional<\/td><td class=\"cookielawinfo-column-4\">The cookie is set by GDPR cookie consent to record the user consent for the cookies in the category &#8220;Functional&#8221;.<\/td><\/tr><tr class=\"cookielawinfo-row\"><td class=\"cookielawinfo-column-1\">cookielawinfo-checkbox-necessary<\/td><td class=\"cookielawinfo-column-4\">This cookie is set by GDPR Cookie Consent plugin. The cookies is used to store the user consent for the cookies in the category &#8220;Necessary&#8221;.<\/td><\/tr><tr class=\"cookielawinfo-row\"><td class=\"cookielawinfo-column-1\">cookielawinfo-checkbox-others<\/td><td class=\"cookielawinfo-column-4\">This cookie is set by GDPR Cookie Consent plugin. The cookie is used to store the user consent for the cookies in the category &#8220;Other.<\/td><\/tr><tr class=\"cookielawinfo-row\"><td class=\"cookielawinfo-column-1\">cookielawinfo-checkbox-performance<\/td><td class=\"cookielawinfo-column-4\">This cookie is set by GDPR Cookie Consent plugin. The cookie is used to store the user consent for the cookies in the category &#8220;Performance&#8221;.<\/td><\/tr><tr class=\"cookielawinfo-row\"><td class=\"cookielawinfo-column-1\">viewed_cookie_policy<\/td><td class=\"cookielawinfo-column-4\">The cookie is set by the GDPR Cookie Consent plugin and is used to store whether or not user has consented to the use of cookies. It does not store any personal data.<\/td><\/tr><\/tbody><\/table><\/p><\/div><h3>Comment puis-je contr\u00f4ler les pr\u00e9f\u00e9rences des cookies ?<\/h3><div><p>Si vous d\u00e9cidez de modifier vos pr\u00e9f\u00e9rences plus tard au cours de votre session de navigation, vous pouvez cliquer sur l\u2019onglet &#8220;Privacy &amp; Cookie Policy&#8221; sur votre \u00e9cran. Cela affichera \u00e0 nouveau l\u2019avis de consentement vous permettant de modifier vos pr\u00e9f\u00e9rences ou de retirer enti\u00e8rement votre consentement.<\/p><div id=\"trpar\"><span id=\"s2_1\">En outre, diff\u00e9rents navigateurs fournissent diff\u00e9rentes m\u00e9thodes pour bloquer et supprimer les cookies utilis\u00e9s par les sites Web.<\/span> <span id=\"s2_2\">Vous pouvez modifier les param\u00e8tres de votre navigateur pour bloquer\/supprimer les cookies.<\/span> <span id=\"s2_3\">Pour en savoir plus sur la gestion et la suppression des cookies, visitez wikipedia.org, www.allaboutcookies.org.<\/span><\/div><\/div><\/div><div>\u00a0<\/div>\t\t\t\t\t\t<\/div>\n\t\t\t\t<\/div>\n\t\t\t\t\t<\/div>\n\t\t<\/div>\n\t\t\t\t\t\t\t<\/div>\n\t\t<\/section>\n\t\t\t\t<section class=\"elementor-section elementor-top-section elementor-element elementor-element-f29155e elementor-section-boxed elementor-section-height-default elementor-section-height-default\" data-id=\"f29155e\" data-element_type=\"section\">\n\t\t\t\t\t\t<div class=\"elementor-container elementor-column-gap-default\">\n\t\t\t\t\t<div class=\"elementor-column elementor-col-100 elementor-top-column elementor-element elementor-element-c6dca88\" data-id=\"c6dca88\" data-element_type=\"column\">\n\t\t\t<div class=\"elementor-widget-wrap elementor-element-populated\">\n\t\t\t\t\t\t\t\t<div class=\"elementor-element elementor-element-cd0e74b elementor-widget elementor-widget-spacer\" data-id=\"cd0e74b\" data-element_type=\"widget\" data-widget_type=\"spacer.default\">\n\t\t\t\t<div class=\"elementor-widget-container\">\n\t\t\t\t\t<div class=\"elementor-spacer\">\n\t\t\t<div class=\"elementor-spacer-inner\"><\/div>\n\t\t<\/div>\n\t\t\t\t<\/div>\n\t\t\t\t<\/div>\n\t\t\t\t\t<\/div>\n\t\t<\/div>\n\t\t\t\t\t\t\t<\/div>\n\t\t<\/section>\n\t\t\t\t\t\t<\/div>\n\t\t\t\t\t<\/div>\n\t\t","protected":false},"excerpt":{"rendered":"<p>POLITIQUE DE COOKIES A propos de la politique de cookies Cette Politique sur les cookies explique ce que sont les cookies et comment nous les utilisons, les types de cookies que nous utilisons, les informations que nous recueillons \u00e0 l\u2019aide de cookies et comment ces informations sont utilis\u00e9es, et comment contr\u00f4ler les pr\u00e9f\u00e9rences en mati\u00e8re [&hellip;]<\/p>\n","protected":false},"author":1,"featured_media":0,"parent":0,"menu_order":0,"comment_status":"closed","ping_status":"closed","template":"page-templates\/page_front-page.php","meta":[],"yoast_head":"<!-- This site is optimized with the Yoast SEO plugin v16.4 - https:\/\/yoast.com\/wordpress\/plugins\/seo\/ -->\n<title>Politique de cookies - Projet Insight<\/title>\n<meta name=\"robots\" content=\"index, follow, max-snippet:-1, max-image-preview:large, max-video-preview:-1\" \/>\n<link rel=\"canonical\" href=\"https:\/\/projet-insight.fr\/index.php\/politique_de_cookies\/\" \/>\n<meta property=\"og:locale\" content=\"en_US\" \/>\n<meta property=\"og:type\" content=\"article\" \/>\n<meta property=\"og:title\" content=\"Politique de cookies - Projet Insight\" \/>\n<meta property=\"og:description\" content=\"POLITIQUE DE COOKIES A propos de la politique de cookies Cette Politique sur les cookies explique ce que sont les cookies et comment nous les utilisons, les types de cookies que nous utilisons, les informations que nous recueillons \u00e0 l\u2019aide de cookies et comment ces informations sont utilis\u00e9es, et comment contr\u00f4ler les pr\u00e9f\u00e9rences en mati\u00e8re [&hellip;]\" \/>\n<meta property=\"og:url\" content=\"https:\/\/projet-insight.fr\/index.php\/politique_de_cookies\/\" \/>\n<meta property=\"og:site_name\" content=\"Projet Insight\" \/>\n<meta property=\"article:modified_time\" content=\"2021-06-15T20:58:19+00:00\" \/>\n<meta name=\"twitter:card\" content=\"summary_large_image\" \/>\n<meta name=\"twitter:label1\" content=\"Est. reading time\" \/>\n\t<meta name=\"twitter:data1\" content=\"3 minutes\" \/>\n<script type=\"application\/ld+json\" class=\"yoast-schema-graph\">{\"@context\":\"https:\/\/schema.org\",\"@graph\":[{\"@type\":\"Organization\",\"@id\":\"https:\/\/projet-insight.fr\/#organization\",\"name\":\"Projet Insight\",\"url\":\"https:\/\/projet-insight.fr\/\",\"sameAs\":[],\"logo\":{\"@type\":\"ImageObject\",\"@id\":\"https:\/\/projet-insight.fr\/#logo\",\"inLanguage\":\"en-US\",\"url\":\"http:\/\/projet-insight.fr\/wp-content\/uploads\/2021\/05\/logo2.png\",\"contentUrl\":\"http:\/\/projet-insight.fr\/wp-content\/uploads\/2021\/05\/logo2.png\",\"width\":1160,\"height\":645,\"caption\":\"Projet Insight\"},\"image\":{\"@id\":\"https:\/\/projet-insight.fr\/#logo\"}},{\"@type\":\"WebSite\",\"@id\":\"https:\/\/projet-insight.fr\/#website\",\"url\":\"https:\/\/projet-insight.fr\/\",\"name\":\"Projet Insight\",\"description\":\"Tout prend sens\",\"publisher\":{\"@id\":\"https:\/\/projet-insight.fr\/#organization\"},\"potentialAction\":[{\"@type\":\"SearchAction\",\"target\":\"https:\/\/projet-insight.fr\/?s={search_term_string}\",\"query-input\":\"required name=search_term_string\"}],\"inLanguage\":\"en-US\"},{\"@type\":\"WebPage\",\"@id\":\"https:\/\/projet-insight.fr\/index.php\/politique_de_cookies\/#webpage\",\"url\":\"https:\/\/projet-insight.fr\/index.php\/politique_de_cookies\/\",\"name\":\"Politique de cookies - Projet Insight\",\"isPartOf\":{\"@id\":\"https:\/\/projet-insight.fr\/#website\"},\"datePublished\":\"2021-06-14T19:45:25+00:00\",\"dateModified\":\"2021-06-15T20:58:19+00:00\",\"breadcrumb\":{\"@id\":\"https:\/\/projet-insight.fr\/index.php\/politique_de_cookies\/#breadcrumb\"},\"inLanguage\":\"en-US\",\"potentialAction\":[{\"@type\":\"ReadAction\",\"target\":[\"https:\/\/projet-insight.fr\/index.php\/politique_de_cookies\/\"]}]},{\"@type\":\"BreadcrumbList\",\"@id\":\"https:\/\/projet-insight.fr\/index.php\/politique_de_cookies\/#breadcrumb\",\"itemListElement\":[{\"@type\":\"ListItem\",\"position\":1,\"item\":{\"@type\":\"WebPage\",\"@id\":\"https:\/\/projet-insight.fr\/\",\"url\":\"https:\/\/projet-insight.fr\/\",\"name\":\"Accueil\"}},{\"@type\":\"ListItem\",\"position\":2,\"item\":{\"@id\":\"https:\/\/projet-insight.fr\/index.php\/politique_de_cookies\/#webpage\"}}]}]}<\/script>\n<!-- \/ Yoast SEO plugin. -->","_links":{"self":[{"href":"https:\/\/projet-insight.fr\/index.php\/wp-json\/wp\/v2\/pages\/1771"}],"collection":[{"href":"https:\/\/projet-insight.fr\/index.php\/wp-json\/wp\/v2\/pages"}],"about":[{"href":"https:\/\/projet-insight.fr\/index.php\/wp-json\/wp\/v2\/types\/page"}],"author":[{"embeddable":true,"href":"https:\/\/projet-insight.fr\/index.php\/wp-json\/wp\/v2\/users\/1"}],"replies":[{"embeddable":true,"href":"https:\/\/projet-insight.fr\/index.php\/wp-json\/wp\/v2\/comments?post=1771"}],"version-history":[{"count":37,"href":"https:\/\/projet-insight.fr\/index.php\/wp-json\/wp\/v2\/pages\/1771\/revisions"}],"predecessor-version":[{"id":1856,"href":"https:\/\/projet-insight.fr\/index.php\/wp-json\/wp\/v2\/pages\/1771\/revisions\/1856"}],"wp:attachment":[{"href":"https:\/\/projet-insight.fr\/index.php\/wp-json\/wp\/v2\/media?parent=1771"}],"curies":[{"name":"wp","href":"https:\/\/api.w.org\/{rel}","templated":true}]}}