{"id":3,"date":"2021-05-20T21:52:31","date_gmt":"2021-05-20T19:52:31","guid":{"rendered":"http:\/\/projet-insight.fr\/?page_id=3"},"modified":"2021-06-14T22:33:28","modified_gmt":"2021-06-14T20:33:28","slug":"politique-de-confidentialite","status":"publish","type":"page","link":"https:\/\/projet-insight.fr\/index.php\/politique-de-confidentialite\/","title":{"rendered":"Politique de confidentialit\u00e9"},"content":{"rendered":"\t\t<div data-elementor-type=\"wp-page\" data-elementor-id=\"3\" class=\"elementor elementor-3\" data-elementor-settings=\"[]\">\n\t\t\t\t\t\t\t<div class=\"elementor-section-wrap\">\n\t\t\t\t\t\t\t<section class=\"elementor-section elementor-top-section elementor-element elementor-element-1376930 elementor-section-boxed elementor-section-height-default elementor-section-height-default\" data-id=\"1376930\" data-element_type=\"section\" data-settings=\"{&quot;background_background&quot;:&quot;classic&quot;}\">\n\t\t\t\t\t\t<div class=\"elementor-container elementor-column-gap-default\">\n\t\t\t\t\t<div class=\"elementor-column elementor-col-100 elementor-top-column elementor-element elementor-element-da1266e\" data-id=\"da1266e\" data-element_type=\"column\">\n\t\t\t<div class=\"elementor-widget-wrap elementor-element-populated\">\n\t\t\t\t\t\t\t\t<div class=\"elementor-element elementor-element-3bbc596 elementor-widget elementor-widget-heading\" data-id=\"3bbc596\" data-element_type=\"widget\" data-widget_type=\"heading.default\">\n\t\t\t\t<div class=\"elementor-widget-container\">\n\t\t\t<h2 class=\"elementor-heading-title elementor-size-default\">POLITIQUE DE CONFIDENTIALITE<\/h2>\t\t<\/div>\n\t\t\t\t<\/div>\n\t\t\t\t\t<\/div>\n\t\t<\/div>\n\t\t\t\t\t\t\t<\/div>\n\t\t<\/section>\n\t\t\t\t<section class=\"elementor-section elementor-top-section elementor-element elementor-element-54319fb4 elementor-section-boxed elementor-section-height-default elementor-section-height-default\" data-id=\"54319fb4\" data-element_type=\"section\">\n\t\t\t\t\t\t<div class=\"elementor-container elementor-column-gap-default\">\n\t\t\t\t\t<div class=\"elementor-column elementor-col-100 elementor-top-column elementor-element elementor-element-59d16136\" data-id=\"59d16136\" data-element_type=\"column\">\n\t\t\t<div class=\"elementor-widget-wrap elementor-element-populated\">\n\t\t\t\t\t\t\t\t<div class=\"elementor-element elementor-element-6674758f elementor-widget elementor-widget-text-editor\" data-id=\"6674758f\" data-element_type=\"widget\" data-widget_type=\"text-editor.default\">\n\t\t\t\t<div class=\"elementor-widget-container\">\n\t\t\t\t\t\t\t\t<h3><strong>Introduction<\/strong><\/h3>\n<p>Dans le cadre de l\u2019activit\u00e9 de Projet Insight, dont le si\u00e8ge social est situ\u00e9 38 rue Kieser 33000 Bordeaux, ce site est amen\u00e9 \u00e0 collecter et \u00e0 traiter des informations dont certaines sont qualifi\u00e9es de \u201cdonn\u00e9es personnelles\u201d.<\/p>\n<h3><strong>Contact d\u00e9l\u00e9gu\u00e9 \u00e0 la protection des donn\u00e9es<\/strong><\/h3>\n<p>Tanguy Laviale, pr\u00e9sident de l&#8217;entreprise Projet Insight, est votre R\u00e9f\u00e9rent Informatique et Libert\u00e9s charg\u00e9 des questions relatives \u00e0 la protection des donn\u00e9es \u00e0 caract\u00e8re personnel.<br \/>Pour toute question relative \u00e0 vos donn\u00e9es et ce qui en est fait par l&#8217;entreprise Projet Insight vous pouvez contacter le R\u00e9f\u00e9rent par mail \u00e0 l\u2019adresse : contact@projet-insight.fr<\/p>\n<h3><strong>Base l\u00e9gale<\/strong><\/h3>\n<p>Les donn\u00e9es personnelles ne sont collect\u00e9es qu\u2019apr\u00e8s votre consentement obligatoire. Ce consentement est valablement recueilli (boutons et cases \u00e0 cocher), libre, clair et sans \u00e9quivoque.<\/p>\n<h3><strong>Donn\u00e9es collect\u00e9es<\/strong><\/h3>\n<p>Projet Insight utilise vos donn\u00e9es pour r\u00e9pondre \u00e0 vos demandes et vous permettre de b\u00e9n\u00e9ficier de ses services tel que la demande d\u2019informations.<\/p>\n<p><strong>Comment vos donn\u00e9es sont-elles collect\u00e9es ?<\/strong><\/p>\n<p><span style=\"text-decoration: underline;\">Formulaire de contact<\/span><br \/>Lorsque vous nous les communiquez au moyen des formulaires de contact.<\/p>\n<p><span style=\"text-decoration: underline;\">Cookies<\/span><br \/>Vous pouvez \u00e0 tout moment d\u00e9sactiver les cookies enregistr\u00e9s sur votre terminal. Pour cela, il suffit de s\u00e9lectionner les param\u00e8tres appropri\u00e9s dans votre navigateur. Cependant, cette d\u00e9sactivation aura pour cons\u00e9quence d\u2019emp\u00eacher l\u2019acc\u00e8s \u00e0 certaines fonctionnalit\u00e9s du site.<\/p>\n<p><span style=\"text-decoration: underline;\">Contenu embarqu\u00e9 depuis d\u2019autres sites<\/span><strong><br \/><\/strong>Les pages de ce site peuvent inclure des contenus int\u00e9gr\u00e9s (par exemple des vid\u00e9os, images, articles\u2026). Le contenu int\u00e9gr\u00e9 depuis d\u2019autres sites se comporte de la m\u00eame mani\u00e8re que si le visiteur se rendait sur cet autre site. Ces sites web pourraient collecter des donn\u00e9es sur vous, utiliser des cookies, embarquer des outils de suivis tiers, suivre vos interactions avec ces contenus embarqu\u00e9s si vous disposez d\u2019un compte connect\u00e9 sur leur site web.<\/p>\n<p><strong>Types de donn\u00e9es collect\u00e9es par Projet Insight<br \/><\/strong><\/p>\n<p>Selon les interactions effectu\u00e9es, nous sommes susceptibles de collecter votre adresse e-mail qui vous sera n\u00e9cessairement demand\u00e9e dans notre formulaire de contact, tout comme vos noms et pr\u00e9noms.<\/p>\n<p><strong>Destinataires des donn\u00e9es<\/strong><\/p>\n<p>Les donn\u00e9es collect\u00e9es sont strictement destin\u00e9es \u00e0 l\u2019usage de Projet Insight.<\/p>\n<p><strong>Dur\u00e9e de conservation des donn\u00e9es<\/strong><\/p>\n<p>Projet Insight ne conserve vos donn\u00e9es que pour la dur\u00e9e n\u00e9cessaire aux finalit\u00e9s expos\u00e9es \u00e0 l\u2019Article 3 du r\u00e8glement europ\u00e9en 2016\/679 sur la protection des donn\u00e9es.<br \/>Lorsque vous prenez contact avec Projet Insight gr\u00e2ce \u00e0 notre formulaire de contact, au num\u00e9ro de t\u00e9l\u00e9phone, vos donn\u00e9es seront conserv\u00e9es pendant 3 ans \u00e0 compter du dernier \u00e9change avec Projet Insight puis seront supprim\u00e9es.<\/p>\n<h3><strong>Droits des personnes<\/strong><\/h3>\n<p>Vous avez le droit : <br \/>\u2013 d\u2019obtenir la confirmation que vos donn\u00e9es sont bien trait\u00e9es par Projet Insight et les modalit\u00e9s de traitement de ces donn\u00e9es,<br \/>\u2013 d\u2019acc\u00e9der \u00e0 vos donn\u00e9es,<br \/>\u2013 de rectifier les donn\u00e9es qui sont inexactes ou incompl\u00e8tes,<br \/>\u2013 de demander l\u2019effacement des donn\u00e9es qui n\u2019ont plus \u00e0 \u00eatre conserv\u00e9es,<br \/>\u2013 \u00e0 la limitation du traitement de vos donn\u00e9es si vos donn\u00e9es \u00e9taient utilis\u00e9es,<br \/>\u2013 \u00e0 la notification des mises \u00e0 jour de vos donn\u00e9es.<\/p>\n<p>Vous disposez \u00e9galement du droit de d\u00e9finir des directives relatives au sort de vos donn\u00e9es en cas de d\u00e9c\u00e8s.<\/p>\n<p>Pour exercer ces droits, vous devez en faire la demande, par mail \u00e0 : contact@projet-insight.fr<\/p>\n<p>Lorsque le traitement de vos donn\u00e9es est effectu\u00e9 sur la base de votre consentement, vous pouvez retirer celui-ci \u00e0 tout moment. Vous reconnaissez toutefois que les traitements effectu\u00e9s avant la r\u00e9vocation de votre consentement demeurent parfaitement valables.<\/p>\n<p>Nous disposons d\u2019un d\u00e9lai d\u2019un mois pour r\u00e9pondre \u00e0 toute demande relative \u00e0 l\u2019exercice de vos droits. Ce d\u00e9lai peut \u00eatre prorog\u00e9 de deux mois, en raison de la complexit\u00e9 ou du trop grand nombre de demandes.<\/p>\n<p>Nous vous rappelons que vous pouvez contacter la CNIL directement sur le site internet https:\/\/www.cnil.fr\/fr\/agir\u00a0 ou par courrier \u00e0 l\u2019adresse suivante : Commission Nationale de l\u2019Informatique et des Libert\u00e9s, 3 Place de Fontenoy \u2013 TSA 80715, 75334 PARIS CEDEX 07.<\/p>\n<h3>Protection des donn\u00e9es<\/h3>\n<p>Nous prot\u00e9geons la s\u00e9curit\u00e9 de vos informations personnelles lors de leur transmission en utilisant le logiciel SSL (Secure Sockets Layer Software) qui crypte les informations que vous entrez avant qu\u2019elles ne nous soient envoy\u00e9es.<\/p>\n<p>Nous avons mis en place des mesures techniques et organisationnelles destin\u00e9es \u00e0 garantir la s\u00e9curit\u00e9 et la confidentialit\u00e9 de vos donn\u00e9es contre toute perte accidentelle et contre tout acc\u00e8s, utilisation, modification et divulgation non autoris\u00e9s.<\/p>\n<p>Compte tenu des particularit\u00e9s inh\u00e9rentes \u00e0 Internet, il nous est toutefois impossible de garantir la s\u00e9curit\u00e9 optimale des \u00e9changes d\u2019informations sur ce r\u00e9seau. Nous nous effor\u00e7ons de prot\u00e9ger vos donn\u00e9es, mais nous ne pouvons garantir la s\u00e9curit\u00e9 absolue des informations transmises sur notre site. Vous convenez que vous transmettez vos donn\u00e9es \u00e0 vos propres risques.<\/p>\t\t\t\t\t\t<\/div>\n\t\t\t\t<\/div>\n\t\t\t\t\t<\/div>\n\t\t<\/div>\n\t\t\t\t\t\t\t<\/div>\n\t\t<\/section>\n\t\t\t\t<section class=\"elementor-section elementor-top-section elementor-element elementor-element-72d1ba8 elementor-section-boxed elementor-section-height-default elementor-section-height-default\" data-id=\"72d1ba8\" data-element_type=\"section\">\n\t\t\t\t\t\t<div class=\"elementor-container elementor-column-gap-default\">\n\t\t\t\t\t<div class=\"elementor-column elementor-col-100 elementor-top-column elementor-element elementor-element-a330588\" data-id=\"a330588\" data-element_type=\"column\">\n\t\t\t<div class=\"elementor-widget-wrap elementor-element-populated\">\n\t\t\t\t\t\t\t\t<div class=\"elementor-element elementor-element-720cfe4 elementor-widget elementor-widget-spacer\" data-id=\"720cfe4\" data-element_type=\"widget\" data-widget_type=\"spacer.default\">\n\t\t\t\t<div class=\"elementor-widget-container\">\n\t\t\t\t\t<div class=\"elementor-spacer\">\n\t\t\t<div class=\"elementor-spacer-inner\"><\/div>\n\t\t<\/div>\n\t\t\t\t<\/div>\n\t\t\t\t<\/div>\n\t\t\t\t\t<\/div>\n\t\t<\/div>\n\t\t\t\t\t\t\t<\/div>\n\t\t<\/section>\n\t\t\t\t\t\t<\/div>\n\t\t\t\t\t<\/div>\n\t\t","protected":false},"excerpt":{"rendered":"<p>POLITIQUE DE CONFIDENTIALITE Introduction Dans le cadre de l\u2019activit\u00e9 de Projet Insight, dont le si\u00e8ge social est situ\u00e9 38 rue Kieser 33000 Bordeaux, ce site est amen\u00e9 \u00e0 collecter et \u00e0 traiter des informations dont certaines sont qualifi\u00e9es de \u201cdonn\u00e9es personnelles\u201d. Contact d\u00e9l\u00e9gu\u00e9 \u00e0 la protection des donn\u00e9es Tanguy Laviale, pr\u00e9sident de l&#8217;entreprise Projet Insight, [&hellip;]<\/p>\n","protected":false},"author":1,"featured_media":0,"parent":0,"menu_order":0,"comment_status":"closed","ping_status":"closed","template":"page-templates\/page_front-page.php","meta":[],"yoast_head":"<!-- This site is optimized with the Yoast SEO plugin v16.4 - https:\/\/yoast.com\/wordpress\/plugins\/seo\/ -->\n<title>Politique de confidentialit\u00e9 - Projet Insight<\/title>\n<meta name=\"robots\" content=\"index, follow, max-snippet:-1, max-image-preview:large, max-video-preview:-1\" \/>\n<link rel=\"canonical\" href=\"https:\/\/projet-insight.fr\/index.php\/politique-de-confidentialite\/\" \/>\n<meta property=\"og:locale\" content=\"en_US\" \/>\n<meta property=\"og:type\" content=\"article\" \/>\n<meta property=\"og:title\" content=\"Politique de confidentialit\u00e9 - Projet Insight\" \/>\n<meta property=\"og:description\" content=\"POLITIQUE DE CONFIDENTIALITE Introduction Dans le cadre de l\u2019activit\u00e9 de Projet Insight, dont le si\u00e8ge social est situ\u00e9 38 rue Kieser 33000 Bordeaux, ce site est amen\u00e9 \u00e0 collecter et \u00e0 traiter des informations dont certaines sont qualifi\u00e9es de \u201cdonn\u00e9es personnelles\u201d. Contact d\u00e9l\u00e9gu\u00e9 \u00e0 la protection des donn\u00e9es Tanguy Laviale, pr\u00e9sident de l&#8217;entreprise Projet Insight, [&hellip;]\" \/>\n<meta property=\"og:url\" content=\"https:\/\/projet-insight.fr\/index.php\/politique-de-confidentialite\/\" \/>\n<meta property=\"og:site_name\" content=\"Projet Insight\" \/>\n<meta property=\"article:modified_time\" content=\"2021-06-14T20:33:28+00:00\" \/>\n<meta name=\"twitter:card\" content=\"summary_large_image\" \/>\n<meta name=\"twitter:label1\" content=\"Est. reading time\" \/>\n\t<meta name=\"twitter:data1\" content=\"4 minutes\" \/>\n<script type=\"application\/ld+json\" class=\"yoast-schema-graph\">{\"@context\":\"https:\/\/schema.org\",\"@graph\":[{\"@type\":\"Organization\",\"@id\":\"https:\/\/projet-insight.fr\/#organization\",\"name\":\"Projet Insight\",\"url\":\"https:\/\/projet-insight.fr\/\",\"sameAs\":[],\"logo\":{\"@type\":\"ImageObject\",\"@id\":\"https:\/\/projet-insight.fr\/#logo\",\"inLanguage\":\"en-US\",\"url\":\"http:\/\/projet-insight.fr\/wp-content\/uploads\/2021\/05\/logo2.png\",\"contentUrl\":\"http:\/\/projet-insight.fr\/wp-content\/uploads\/2021\/05\/logo2.png\",\"width\":1160,\"height\":645,\"caption\":\"Projet Insight\"},\"image\":{\"@id\":\"https:\/\/projet-insight.fr\/#logo\"}},{\"@type\":\"WebSite\",\"@id\":\"https:\/\/projet-insight.fr\/#website\",\"url\":\"https:\/\/projet-insight.fr\/\",\"name\":\"Projet Insight\",\"description\":\"Tout prend sens\",\"publisher\":{\"@id\":\"https:\/\/projet-insight.fr\/#organization\"},\"potentialAction\":[{\"@type\":\"SearchAction\",\"target\":\"https:\/\/projet-insight.fr\/?s={search_term_string}\",\"query-input\":\"required name=search_term_string\"}],\"inLanguage\":\"en-US\"},{\"@type\":\"WebPage\",\"@id\":\"https:\/\/projet-insight.fr\/index.php\/politique-de-confidentialite\/#webpage\",\"url\":\"https:\/\/projet-insight.fr\/index.php\/politique-de-confidentialite\/\",\"name\":\"Politique de confidentialit\\u00e9 - Projet Insight\",\"isPartOf\":{\"@id\":\"https:\/\/projet-insight.fr\/#website\"},\"datePublished\":\"2021-05-20T19:52:31+00:00\",\"dateModified\":\"2021-06-14T20:33:28+00:00\",\"breadcrumb\":{\"@id\":\"https:\/\/projet-insight.fr\/index.php\/politique-de-confidentialite\/#breadcrumb\"},\"inLanguage\":\"en-US\",\"potentialAction\":[{\"@type\":\"ReadAction\",\"target\":[\"https:\/\/projet-insight.fr\/index.php\/politique-de-confidentialite\/\"]}]},{\"@type\":\"BreadcrumbList\",\"@id\":\"https:\/\/projet-insight.fr\/index.php\/politique-de-confidentialite\/#breadcrumb\",\"itemListElement\":[{\"@type\":\"ListItem\",\"position\":1,\"item\":{\"@type\":\"WebPage\",\"@id\":\"https:\/\/projet-insight.fr\/\",\"url\":\"https:\/\/projet-insight.fr\/\",\"name\":\"Accueil\"}},{\"@type\":\"ListItem\",\"position\":2,\"item\":{\"@id\":\"https:\/\/projet-insight.fr\/index.php\/politique-de-confidentialite\/#webpage\"}}]}]}<\/script>\n<!-- \/ Yoast SEO plugin. -->","_links":{"self":[{"href":"https:\/\/projet-insight.fr\/index.php\/wp-json\/wp\/v2\/pages\/3"}],"collection":[{"href":"https:\/\/projet-insight.fr\/index.php\/wp-json\/wp\/v2\/pages"}],"about":[{"href":"https:\/\/projet-insight.fr\/index.php\/wp-json\/wp\/v2\/types\/page"}],"author":[{"embeddable":true,"href":"https:\/\/projet-insight.fr\/index.php\/wp-json\/wp\/v2\/users\/1"}],"replies":[{"embeddable":true,"href":"https:\/\/projet-insight.fr\/index.php\/wp-json\/wp\/v2\/comments?post=3"}],"version-history":[{"count":29,"href":"https:\/\/projet-insight.fr\/index.php\/wp-json\/wp\/v2\/pages\/3\/revisions"}],"predecessor-version":[{"id":1804,"href":"https:\/\/projet-insight.fr\/index.php\/wp-json\/wp\/v2\/pages\/3\/revisions\/1804"}],"wp:attachment":[{"href":"https:\/\/projet-insight.fr\/index.php\/wp-json\/wp\/v2\/media?parent=3"}],"curies":[{"name":"wp","href":"https:\/\/api.w.org\/{rel}","templated":true}]}}