{"id":644,"date":"2021-05-25T02:04:49","date_gmt":"2021-05-25T00:04:49","guid":{"rendered":"http:\/\/projet-insight.fr\/?page_id=644"},"modified":"2021-06-14T22:41:18","modified_gmt":"2021-06-14T20:41:18","slug":"mentions-legales","status":"publish","type":"page","link":"https:\/\/projet-insight.fr\/index.php\/mentions-legales\/","title":{"rendered":"Mentions l\u00e9gales"},"content":{"rendered":"\t\t<div data-elementor-type=\"wp-page\" data-elementor-id=\"644\" class=\"elementor elementor-644\" data-elementor-settings=\"[]\">\n\t\t\t\t\t\t\t<div class=\"elementor-section-wrap\">\n\t\t\t\t\t\t\t<section class=\"elementor-section elementor-top-section elementor-element elementor-element-3db166a elementor-section-boxed elementor-section-height-default elementor-section-height-default\" data-id=\"3db166a\" data-element_type=\"section\" data-settings=\"{&quot;background_background&quot;:&quot;classic&quot;}\">\n\t\t\t\t\t\t<div class=\"elementor-container elementor-column-gap-default\">\n\t\t\t\t\t<div class=\"elementor-column elementor-col-100 elementor-top-column elementor-element elementor-element-e5afdd5\" data-id=\"e5afdd5\" data-element_type=\"column\">\n\t\t\t<div class=\"elementor-widget-wrap elementor-element-populated\">\n\t\t\t\t\t\t\t\t<div class=\"elementor-element elementor-element-1c256be elementor-widget elementor-widget-heading\" data-id=\"1c256be\" data-element_type=\"widget\" data-widget_type=\"heading.default\">\n\t\t\t\t<div class=\"elementor-widget-container\">\n\t\t\t<h2 class=\"elementor-heading-title elementor-size-default\">MENTIONS LEGALES<\/h2>\t\t<\/div>\n\t\t\t\t<\/div>\n\t\t\t\t\t<\/div>\n\t\t<\/div>\n\t\t\t\t\t\t\t<\/div>\n\t\t<\/section>\n\t\t\t\t<section class=\"elementor-section elementor-top-section elementor-element elementor-element-aa7f411 elementor-section-boxed elementor-section-height-default elementor-section-height-default\" data-id=\"aa7f411\" data-element_type=\"section\">\n\t\t\t\t\t\t<div class=\"elementor-container elementor-column-gap-default\">\n\t\t\t\t\t<div class=\"elementor-column elementor-col-100 elementor-top-column elementor-element elementor-element-3aa5104\" data-id=\"3aa5104\" data-element_type=\"column\">\n\t\t\t<div class=\"elementor-widget-wrap elementor-element-populated\">\n\t\t\t\t\t\t\t\t<div class=\"elementor-element elementor-element-d040e99 elementor-widget elementor-widget-text-editor\" data-id=\"d040e99\" data-element_type=\"widget\" data-widget_type=\"text-editor.default\">\n\t\t\t\t<div class=\"elementor-widget-container\">\n\t\t\t\t\t\t\t\t<header role=\"banner\"><div id=\"inner-header\" class=\"wrapper clearfix\"><div class=\"row\"><div class=\"twelve columns\">\u00a0<\/div><\/div><\/div><\/header><div id=\"container-836\" class=\"container first\"><div id=\"content\" class=\"content\"><div class=\"row\"><div id=\"post-836\" class=\"twelve columns\"><div class=\"entry-content\"><h3>Coordonn\u00e9es de l\u2019\u00e9diteur du site internet<\/h3><p><strong>SAS Projet Insight,<\/strong> <br \/>au Capital de 10\u00a0000 euros<\/p><p>RCS BORDEAUX B 889 319 174<\/p><p>38 rue Kieser 33000 Bordeaux<br \/>Contact@projet-insight.fr<\/p><h3>H\u00e9bergement du site par<\/h3><p><strong>La soci\u00e9t\u00e9 OVH<\/strong><\/p><p>Soci\u00e9t\u00e9 par Actions Simplifi\u00e9e au capital de 10.069.020 \u20ac<br \/>RCS Lille M\u00e9tropole 424 761\u00a0419<\/p><p>Si\u00e8ge social : 2, rue Kellermann \u2013 59100 Roubaix \u2013 France<br \/>T\u00e9l : +33 8 203 203 63<br \/>Adresse \u00e9lectronique : <br \/>support @ovh.com<br \/>www.ovh.com<\/p><\/div><\/div><h3>Photographies et illustrations<\/h3><p>\u00a9goodluz &#8211; stock.adobe.com<br \/>\u00a9Costin79 &#8211; stock.adobe.com<br \/>\u00a9Dlyastokiv &#8211; stock.adobe.com<\/p><h4 class=\"no-margin\">\u00a0<\/h4><p><br \/><br \/><\/p><\/div><\/div><\/div>\t\t\t\t\t\t<\/div>\n\t\t\t\t<\/div>\n\t\t\t\t\t<\/div>\n\t\t<\/div>\n\t\t\t\t\t\t\t<\/div>\n\t\t<\/section>\n\t\t\t\t<section class=\"elementor-section elementor-top-section elementor-element elementor-element-68b4e61 elementor-section-boxed elementor-section-height-default elementor-section-height-default\" data-id=\"68b4e61\" data-element_type=\"section\">\n\t\t\t\t\t\t<div class=\"elementor-container elementor-column-gap-default\">\n\t\t\t\t\t<div class=\"elementor-column elementor-col-100 elementor-top-column elementor-element elementor-element-581232a\" data-id=\"581232a\" data-element_type=\"column\">\n\t\t\t<div class=\"elementor-widget-wrap elementor-element-populated\">\n\t\t\t\t\t\t\t\t<div class=\"elementor-element elementor-element-a2c8542 elementor-widget elementor-widget-spacer\" data-id=\"a2c8542\" data-element_type=\"widget\" data-widget_type=\"spacer.default\">\n\t\t\t\t<div class=\"elementor-widget-container\">\n\t\t\t\t\t<div class=\"elementor-spacer\">\n\t\t\t<div class=\"elementor-spacer-inner\"><\/div>\n\t\t<\/div>\n\t\t\t\t<\/div>\n\t\t\t\t<\/div>\n\t\t\t\t\t<\/div>\n\t\t<\/div>\n\t\t\t\t\t\t\t<\/div>\n\t\t<\/section>\n\t\t\t\t\t\t<\/div>\n\t\t\t\t\t<\/div>\n\t\t","protected":false},"excerpt":{"rendered":"<p>MENTIONS LEGALES \u00a0 Coordonn\u00e9es de l\u2019\u00e9diteur du site internet SAS Projet Insight, au Capital de 10\u00a0000 euros RCS BORDEAUX B 889 319 174 38 rue Kieser 33000 BordeauxContact@projet-insight.fr H\u00e9bergement du site par La soci\u00e9t\u00e9 OVH Soci\u00e9t\u00e9 par Actions Simplifi\u00e9e au capital de 10.069.020 \u20acRCS Lille M\u00e9tropole 424 761\u00a0419 Si\u00e8ge social : 2, rue Kellermann \u2013 [&hellip;]<\/p>\n","protected":false},"author":1,"featured_media":0,"parent":0,"menu_order":0,"comment_status":"closed","ping_status":"closed","template":"page-templates\/page_front-page.php","meta":[],"yoast_head":"<!-- This site is optimized with the Yoast SEO plugin v16.4 - https:\/\/yoast.com\/wordpress\/plugins\/seo\/ -->\n<title>Mentions l\u00e9gales - Projet Insight<\/title>\n<meta name=\"robots\" content=\"index, follow, max-snippet:-1, max-image-preview:large, max-video-preview:-1\" \/>\n<link rel=\"canonical\" href=\"https:\/\/projet-insight.fr\/index.php\/mentions-legales\/\" \/>\n<meta property=\"og:locale\" content=\"en_US\" \/>\n<meta property=\"og:type\" content=\"article\" \/>\n<meta property=\"og:title\" content=\"Mentions l\u00e9gales - Projet Insight\" \/>\n<meta property=\"og:description\" content=\"MENTIONS LEGALES \u00a0 Coordonn\u00e9es de l\u2019\u00e9diteur du site internet SAS Projet Insight, au Capital de 10\u00a0000 euros RCS BORDEAUX B 889 319 174 38 rue Kieser 33000 BordeauxContact@projet-insight.fr H\u00e9bergement du site par La soci\u00e9t\u00e9 OVH Soci\u00e9t\u00e9 par Actions Simplifi\u00e9e au capital de 10.069.020 \u20acRCS Lille M\u00e9tropole 424 761\u00a0419 Si\u00e8ge social : 2, rue Kellermann \u2013 [&hellip;]\" \/>\n<meta property=\"og:url\" content=\"https:\/\/projet-insight.fr\/index.php\/mentions-legales\/\" \/>\n<meta property=\"og:site_name\" content=\"Projet Insight\" \/>\n<meta property=\"article:modified_time\" content=\"2021-06-14T20:41:18+00:00\" \/>\n<meta name=\"twitter:card\" content=\"summary_large_image\" \/>\n<meta name=\"twitter:label1\" content=\"Est. reading time\" \/>\n\t<meta name=\"twitter:data1\" content=\"1 minute\" \/>\n<script type=\"application\/ld+json\" class=\"yoast-schema-graph\">{\"@context\":\"https:\/\/schema.org\",\"@graph\":[{\"@type\":\"Organization\",\"@id\":\"https:\/\/projet-insight.fr\/#organization\",\"name\":\"Projet Insight\",\"url\":\"https:\/\/projet-insight.fr\/\",\"sameAs\":[],\"logo\":{\"@type\":\"ImageObject\",\"@id\":\"https:\/\/projet-insight.fr\/#logo\",\"inLanguage\":\"en-US\",\"url\":\"http:\/\/projet-insight.fr\/wp-content\/uploads\/2021\/05\/logo2.png\",\"contentUrl\":\"http:\/\/projet-insight.fr\/wp-content\/uploads\/2021\/05\/logo2.png\",\"width\":1160,\"height\":645,\"caption\":\"Projet Insight\"},\"image\":{\"@id\":\"https:\/\/projet-insight.fr\/#logo\"}},{\"@type\":\"WebSite\",\"@id\":\"https:\/\/projet-insight.fr\/#website\",\"url\":\"https:\/\/projet-insight.fr\/\",\"name\":\"Projet Insight\",\"description\":\"Tout prend sens\",\"publisher\":{\"@id\":\"https:\/\/projet-insight.fr\/#organization\"},\"potentialAction\":[{\"@type\":\"SearchAction\",\"target\":\"https:\/\/projet-insight.fr\/?s={search_term_string}\",\"query-input\":\"required name=search_term_string\"}],\"inLanguage\":\"en-US\"},{\"@type\":\"WebPage\",\"@id\":\"https:\/\/projet-insight.fr\/index.php\/mentions-legales\/#webpage\",\"url\":\"https:\/\/projet-insight.fr\/index.php\/mentions-legales\/\",\"name\":\"Mentions l\\u00e9gales - Projet Insight\",\"isPartOf\":{\"@id\":\"https:\/\/projet-insight.fr\/#website\"},\"datePublished\":\"2021-05-25T00:04:49+00:00\",\"dateModified\":\"2021-06-14T20:41:18+00:00\",\"breadcrumb\":{\"@id\":\"https:\/\/projet-insight.fr\/index.php\/mentions-legales\/#breadcrumb\"},\"inLanguage\":\"en-US\",\"potentialAction\":[{\"@type\":\"ReadAction\",\"target\":[\"https:\/\/projet-insight.fr\/index.php\/mentions-legales\/\"]}]},{\"@type\":\"BreadcrumbList\",\"@id\":\"https:\/\/projet-insight.fr\/index.php\/mentions-legales\/#breadcrumb\",\"itemListElement\":[{\"@type\":\"ListItem\",\"position\":1,\"item\":{\"@type\":\"WebPage\",\"@id\":\"https:\/\/projet-insight.fr\/\",\"url\":\"https:\/\/projet-insight.fr\/\",\"name\":\"Accueil\"}},{\"@type\":\"ListItem\",\"position\":2,\"item\":{\"@id\":\"https:\/\/projet-insight.fr\/index.php\/mentions-legales\/#webpage\"}}]}]}<\/script>\n<!-- \/ Yoast SEO plugin. -->","_links":{"self":[{"href":"https:\/\/projet-insight.fr\/index.php\/wp-json\/wp\/v2\/pages\/644"}],"collection":[{"href":"https:\/\/projet-insight.fr\/index.php\/wp-json\/wp\/v2\/pages"}],"about":[{"href":"https:\/\/projet-insight.fr\/index.php\/wp-json\/wp\/v2\/types\/page"}],"author":[{"embeddable":true,"href":"https:\/\/projet-insight.fr\/index.php\/wp-json\/wp\/v2\/users\/1"}],"replies":[{"embeddable":true,"href":"https:\/\/projet-insight.fr\/index.php\/wp-json\/wp\/v2\/comments?post=644"}],"version-history":[{"count":43,"href":"https:\/\/projet-insight.fr\/index.php\/wp-json\/wp\/v2\/pages\/644\/revisions"}],"predecessor-version":[{"id":1815,"href":"https:\/\/projet-insight.fr\/index.php\/wp-json\/wp\/v2\/pages\/644\/revisions\/1815"}],"wp:attachment":[{"href":"https:\/\/projet-insight.fr\/index.php\/wp-json\/wp\/v2\/media?parent=644"}],"curies":[{"name":"wp","href":"https:\/\/api.w.org\/{rel}","templated":true}]}}